{"id":687,"date":"2025-10-10T06:53:16","date_gmt":"2025-10-10T04:53:16","guid":{"rendered":"https:\/\/www.daidenaudio.com\/?page_id=687"},"modified":"2026-03-23T18:40:06","modified_gmt":"2026-03-23T17:40:06","slug":"ar-marvailherezh","status":"publish","type":"page","link":"https:\/\/www.daidenaudio.com\/index.php\/ar-marvailherezh\/","title":{"rendered":"Ar Marvailherezh"},"content":{"rendered":"\n<p>A005 &#8211; l&rsquo;\u00e9merveillement<\/p>\n\n\n\n<p>82w\/ch \u00e0 8 ohms, 150w\/ch \u00e0 4ohms, avec jusqu\u2019\u00e0 14 amp\u00e8res de courant constant, 20 amp\u00e8res max.<\/p>\n\n\n\n<p><\/p>\n\n\n\n<figure class=\"wp-block-image size-full\"><img loading=\"lazy\" width=\"1536\" height=\"1024\" src=\"https:\/\/www.daidenaudio.com\/wp-content\/uploads\/2025\/09\/ArMarvailherezh-web.jpg\" alt=\"Daiden Audio Ar Marvailherezh amplifier\" class=\"wp-image-688\"\/><\/figure>\n\n\n\n<p><strong>Ar Marvailherezh<\/strong> (breton pour <em>\u00ab L\u2019\u00e9merveillement \u00bb<\/em>) poursuit la qu\u00eate de Daiden Audio pour une restitution musicale authentique, alliant ing\u00e9nierie raffin\u00e9e et savoir-faire artisanal. Proche de <em>An Braventez<\/em>, ce nouvel amplificateur va encore plus loin dans la transparence, la profondeur et le naturel musical.<\/p>\n\n\n\n<p><strong>Un son unique<\/strong><\/p>\n\n\n\n<p>Un effort \u00e9norme a \u00e9t\u00e9 fait au niveau de l&rsquo;\u00e9tage d&rsquo;alimentation pour atteindre un nouveau niveau de raffinement dans le son. <\/p>\n\n\n\n<p>Il apporte \u00e9galement sa propre saveur sonore avec un son satin\u00e9 et d\u00e9licat dans les hautes fr\u00e9quences, et en m\u00eame temps offrant une basse tr\u00e8s profonde et textur\u00e9e qui est tr\u00e8s unique.<\/p>\n\n\n\n<p>Un effort \u00e9norme a \u00e9t\u00e9 fait au niveau de l&rsquo;\u00e9tage d&rsquo;alimentation pour atteindre un nouveau niveau de raffinement dans le son.<\/p>\n\n\n\n<h3>Am\u00e9liorations et \u00e9volutions<\/h3>\n\n\n\n<ul><li><strong>Ch\u00e2ssis \u00e9l\u00e9gant en aluminium<\/strong>, \u00e0 la finition soign\u00e9e et offrant une excellente dissipation thermique.<\/li><li><strong>Circuit imprim\u00e9 4 couches optimis\u00e9<\/strong>, avec de larges pistes en cuivre et des pastilles enti\u00e8rement dor\u00e9es pour une fiabilit\u00e9 sans compromis.<\/li><li><strong>Capaciteurs s\u00e9lectionn\u00e9s :<\/strong> apr\u00e8s de nombreux essais comparatifs, <em>Ar Marvailherezh<\/em> adopte les remarquables <strong>Epcos B41505<\/strong>, offrant un grave puissant et articul\u00e9, un m\u00e9dium riche avec une sc\u00e8ne sonore plus en trois dimensions, et des aigus soyeux et \u00e9tendus.<\/li><li><strong>Transitions d\u2019alimentation silencieuses :<\/strong> nouveau contr\u00f4le de mise sous tension et d\u2019arr\u00eat, \u00e9liminant tout bruit parasite \u00e0 l\u2019allumage ou \u00e0 l\u2019extinction.<\/li><li><strong>Boucle de contre-r\u00e9action revisit\u00e9e<\/strong>, utilisant des r\u00e9sistances militaires \u00e0 tr\u00e8s faible bruit (d\u00e9rive 25 ppm) et des <strong>condensateurs Silver Mica<\/strong> de haute qualit\u00e9, pour une puret\u00e9 tonale et une stabilit\u00e9 \u00e0 long terme in\u00e9gal\u00e9es.<\/li><li>Des dizaines de <strong>diodes de redressement<\/strong> ont \u00e9t\u00e9 \u00e9tudi\u00e9es pour un ping ultra faible au cycle d&rsquo;alimentation CA, afin d&rsquo;\u00e9liminer un maximum de rayonnement \u00e9lectromagn\u00e9tique \u00e0 l&rsquo;int\u00e9rieur du ch\u00e2ssis, supprimant ainsi un autre \u00e9l\u00e9ment qui masque la texture musicale et les d\u00e9tails haute fr\u00e9quence.<\/li><\/ul>\n\n\n\n<figure class=\"wp-block-image size-full\"><img loading=\"lazy\" width=\"3693\" height=\"903\" src=\"https:\/\/www.daidenaudio.com\/wp-content\/uploads\/2025\/09\/IMG_20250705_164141-mod1-copy.jpg\" alt=\"Fa\u00e7ade d'amplificateur Daiden Audio Ar Marvailherezh\" class=\"wp-image-689\"\/><\/figure>\n\n\n\n<h2>Sp\u00e9cifications<\/h2>\n\n\n\n<ul><li>82w\/ch \u00e0 8 ohms, 150w\/ch \u00e0 4ohms, 14 amp\u00e8res de courant, 20 amp\u00e8res max.<\/li><li>Bande passante : 20 Hz \u2013 30 kHz<\/li><li>Distorsion : &lt; 0,12%<\/li><li>Rapport Signal \/ bruit : > 106 dB<\/li><li>S\u00e9paration des canaux : > 74 dB<\/li><li>Imp\u00e9d. d\u2019entr\u00e9e : 22 K\u03a9<\/li><li>Consommation du stand-by : &lt; 16 W, Consommation max. : 300W<\/li><li>Puissance du transformateur Toro\u00efdal : 300W<\/li><li>Hauteur : 90 mm, Largeur : 360 mm, Profondeur : 300 mm<\/li><li>Poids Net : 7,4 kg<\/li><\/ul>\n\n\n\n<figure class=\"wp-block-image size-full\"><img loading=\"lazy\" width=\"1344\" height=\"845\" src=\"https:\/\/www.daidenaudio.com\/wp-content\/uploads\/2025\/10\/DSC_3397b-1300ox.jpg\" alt=\"Amplificateur Daiden Audio Ar Marvailherezh Vue arri\u00e8re\" class=\"wp-image-711\"\/><\/figure>\n\n\n\n<ul><li>Toutes les r\u00e9sistances du chemin du signal sont de qualit\u00e9 militaire de la marque fran\u00e7aise Vishay, non magn\u00e9tiques et offrent un bruit thermique ultra-faible.<\/li><li>L&rsquo;alimentation est \u00e9quip\u00e9e des superbes condensateurs EPCOS B41505. Apr\u00e8s un test approfondi des 10 condensateurs les plus performants, celui-ci nous a offert le son recherch\u00e9&nbsp;: des basses profondes et textur\u00e9es, ainsi que des m\u00e9diums et des aigus satin\u00e9s. On l&rsquo;adore&nbsp;!<\/li><li>Le PCB 4 couches de la plus haute qualit\u00e9 avec des traces de cuivre \u00e9paisses et des plots de contact enti\u00e8rement en or am\u00e9liore consid\u00e9rablement le son.<\/li><li>Les diodes de redressement de la plus haute qualit\u00e9 de la marque fran\u00e7aise Vishay.<\/li><li><\/li><\/ul>\n\n\n\n<figure class=\"wp-block-image size-full\"><img loading=\"lazy\" width=\"1037\" height=\"901\" src=\"https:\/\/www.daidenaudio.com\/wp-content\/uploads\/2025\/10\/DSC_3270b-1037px-BW.jpg\" alt=\"Condensateurs EPCOS B41606\" class=\"wp-image-716\"\/><\/figure>\n","protected":false},"excerpt":{"rendered":"<p>A005 &#8211; l&rsquo;\u00e9merveillement 82w\/ch \u00e0 8 ohms, 150w\/ch \u00e0 4ohms, avec jusqu\u2019\u00e0 14 amp\u00e8res de courant constant, 20 amp\u00e8res max. [&hellip;]<\/p>\n","protected":false},"author":1,"featured_media":0,"parent":0,"menu_order":0,"comment_status":"closed","ping_status":"closed","template":"","meta":[],"_links":{"self":[{"href":"https:\/\/www.daidenaudio.com\/index.php\/wp-json\/wp\/v2\/pages\/687"}],"collection":[{"href":"https:\/\/www.daidenaudio.com\/index.php\/wp-json\/wp\/v2\/pages"}],"about":[{"href":"https:\/\/www.daidenaudio.com\/index.php\/wp-json\/wp\/v2\/types\/page"}],"author":[{"embeddable":true,"href":"https:\/\/www.daidenaudio.com\/index.php\/wp-json\/wp\/v2\/users\/1"}],"replies":[{"embeddable":true,"href":"https:\/\/www.daidenaudio.com\/index.php\/wp-json\/wp\/v2\/comments?post=687"}],"version-history":[{"count":21,"href":"https:\/\/www.daidenaudio.com\/index.php\/wp-json\/wp\/v2\/pages\/687\/revisions"}],"predecessor-version":[{"id":736,"href":"https:\/\/www.daidenaudio.com\/index.php\/wp-json\/wp\/v2\/pages\/687\/revisions\/736"}],"wp:attachment":[{"href":"https:\/\/www.daidenaudio.com\/index.php\/wp-json\/wp\/v2\/media?parent=687"}],"curies":[{"name":"wp","href":"https:\/\/api.w.org\/{rel}","templated":true}]}}