{"id":622,"date":"2025-01-12T13:03:32","date_gmt":"2025-01-12T12:03:32","guid":{"rendered":"https:\/\/www.daidenaudio.com\/?page_id=622"},"modified":"2025-02-01T14:21:05","modified_gmt":"2025-02-01T13:21:05","slug":"les-magasins-stores","status":"publish","type":"page","link":"https:\/\/www.daidenaudio.com\/index.php\/les-magasins-stores\/","title":{"rendered":"Les Magasins \/ Stores"},"content":{"rendered":"\n<p><\/p>\n\n\n\n<div class=\"wp-container-3 wp-block-columns\">\n<div class=\"wp-container-1 wp-block-column\">\n<p>Pour \u00e9couter les produits Daiden Audio, visitez l&rsquo;un des magasins s\u00e9lectionn\u00e9s qui repr\u00e9sentent actuellement nos produits. La liste est petite car nous ne sommes pas encore c\u00e9l\u00e8bres, mais la liste s&rsquo;allongera au fur et \u00e0 mesure que le mot se fera conna\u00eetre.<br>S&rsquo;il n&rsquo;y a pas de magasin pr\u00e8s de chez vous, veuillez nous contacter et nous trouverons une solution.<\/p>\n<\/div>\n\n\n\n<div class=\"wp-container-2 wp-block-column\">\n<p>To listen to Daiden Audio products, visit one of the select stores that currently represent our products. The list is small as we are not yet famous, but the list will grow as the word gets out.<br>It there is no store near you, please contact us and we will find a solution.<\/p>\n<\/div>\n<\/div>\n\n\n\n<div class=\"wp-container-7 wp-block-columns\">\n<div class=\"wp-container-4 wp-block-column\">\n<figure class=\"wp-block-image size-full\"><img loading=\"lazy\" width=\"101\" height=\"98\" src=\"https:\/\/www.daidenaudio.com\/wp-content\/uploads\/2025\/01\/logo_infine_sm_chrome-1.gif\" alt=\"\" class=\"wp-image-624\"\/><\/figure>\n<\/div>\n\n\n\n<div class=\"wp-container-5 wp-block-column\">\n<p><a href=\"https:\/\/www.infine-audio.com\/index.php\">In Fine Audio<\/a><br>\n66000 PERPIGNAN<br>\n(<em>sur rendez<\/em>&#8211;<em>vous uniquement<\/em>)<a href=\"mailto:info@infine-audio.com\"><br><\/a><\/p>\n<\/div>\n\n\n\n<div class=\"wp-container-6 wp-block-column\">\n<p>Portable : 06 99 45 38 09<br>Fixe : 09 84 41 26 12<br>E-mail :&nbsp;<a href=\"mailto:info@infine-audio.com\">info@infine-audio.com<\/a><\/p>\n<\/div>\n<\/div>\n\n\n\n<div class=\"wp-container-11 wp-block-columns\">\n<div class=\"wp-container-8 wp-block-column\">\n<figure class=\"wp-block-image size-full\"><a href=\"http:\/\/www.hifi35.com\/\"><img loading=\"lazy\" width=\"115\" height=\"100\" src=\"https:\/\/www.daidenaudio.com\/wp-content\/uploads\/2025\/01\/Logo-HD-noir-100px.jpg\" alt=\"\" class=\"wp-image-626\"\/><\/a><\/figure>\n<\/div>\n\n\n\n<div class=\"wp-container-9 wp-block-column\">\n<p><a href=\"http:\/\/www.hifi35.com\/\">HIFI35<\/a><br>7 Rue des Foss\u00e9s<br>35000 Rennes<\/p>\n\n\n\n<p><\/p>\n<\/div>\n\n\n\n<div class=\"wp-container-10 wp-block-column\">\n<p>Fixe : 02 23 20 54 23<\/p>\n<\/div>\n<\/div>\n\n\n\n<div class=\"wp-container-15 wp-block-columns\">\n<div class=\"wp-container-12 wp-block-column\">\n<figure class=\"wp-block-image size-full\"><img loading=\"lazy\" width=\"503\" height=\"100\" src=\"https:\/\/www.daidenaudio.com\/wp-content\/uploads\/2025\/02\/haute-fidelite-brest.png\" alt=\"HAUTE FID\u00c9LIT\u00c9 BREST\" class=\"wp-image-640\"\/><\/figure>\n<\/div>\n\n\n\n<div class=\"wp-container-13 wp-block-column\">\n<p>HAUTE FID\u00c9LIT\u00c9 BREST<br>4 Rue Porstrein<br>29200 Brest<\/p>\n<\/div>\n\n\n\n<div class=\"wp-container-14 wp-block-column\">\n<p>Fixe\u00a0:\u00a002 29 61 09 63<\/p>\n<\/div>\n<\/div>\n","protected":false},"excerpt":{"rendered":"<p>Pour \u00e9couter les produits Daiden Audio, visitez l&rsquo;un des magasins s\u00e9lectionn\u00e9s qui repr\u00e9sentent actuellement nos produits. La liste est petite [&hellip;]<\/p>\n","protected":false},"author":1,"featured_media":0,"parent":0,"menu_order":0,"comment_status":"closed","ping_status":"closed","template":"","meta":[],"_links":{"self":[{"href":"https:\/\/www.daidenaudio.com\/index.php\/wp-json\/wp\/v2\/pages\/622"}],"collection":[{"href":"https:\/\/www.daidenaudio.com\/index.php\/wp-json\/wp\/v2\/pages"}],"about":[{"href":"https:\/\/www.daidenaudio.com\/index.php\/wp-json\/wp\/v2\/types\/page"}],"author":[{"embeddable":true,"href":"https:\/\/www.daidenaudio.com\/index.php\/wp-json\/wp\/v2\/users\/1"}],"replies":[{"embeddable":true,"href":"https:\/\/www.daidenaudio.com\/index.php\/wp-json\/wp\/v2\/comments?post=622"}],"version-history":[{"count":10,"href":"https:\/\/www.daidenaudio.com\/index.php\/wp-json\/wp\/v2\/pages\/622\/revisions"}],"predecessor-version":[{"id":641,"href":"https:\/\/www.daidenaudio.com\/index.php\/wp-json\/wp\/v2\/pages\/622\/revisions\/641"}],"wp:attachment":[{"href":"https:\/\/www.daidenaudio.com\/index.php\/wp-json\/wp\/v2\/media?parent=622"}],"curies":[{"name":"wp","href":"https:\/\/api.w.org\/{rel}","templated":true}]}}