{"id":513,"date":"2024-04-13T13:51:00","date_gmt":"2024-04-13T11:51:00","guid":{"rendered":"https:\/\/www.daidenaudio.com\/?page_id=513"},"modified":"2024-11-14T14:36:52","modified_gmt":"2024-11-14T13:36:52","slug":"an-harmoniezh-ii","status":"publish","type":"page","link":"https:\/\/www.daidenaudio.com\/index.php\/an-harmoniezh-ii\/","title":{"rendered":"An Harmoniezh II"},"content":{"rendered":"\n<p>An Harmoniezh II offre la m\u00eame qualit\u00e9 sonore exceptionnelle et la m\u00eame apparence qu&rsquo;An Harmoniezh, et fournit une entr\u00e9e suppl\u00e9mentaire, permettant une utilisation comme un simple amplificateur int\u00e9gr\u00e9.<br>Vous pouvez connecter un DAC \u00e0 l&rsquo;entr\u00e9e 1, en utilisant la t\u00e9l\u00e9commande du DAC pour les fonctions et le volume, et connecter un tuner radio ou une platine vinyle avec pr\u00e9ampli phono \u00e0 l&rsquo;entr\u00e9e 2.<br>Bient\u00f4t, An Harmoniezh III sera disponible avec 3 entr\u00e9es et un volume t\u00e9l\u00e9command\u00e9.<\/p>\n\n\n\n<figure class=\"wp-block-image size-full\"><img loading=\"lazy\" width=\"1894\" height=\"1264\" src=\"https:\/\/www.daidenaudio.com\/wp-content\/uploads\/2024\/04\/AirBrush_Foodie-Juicy-52percent.jpg\" alt=\"\" class=\"wp-image-514\"\/><\/figure>\n\n\n\n<p>Toutes les connexions sont \u00e0 contact argent\u00e9 et les interrupteurs sont \u00e0 contact argent\u00e9. Nous utilisons du fil d&rsquo;argent en t\u00e9flon Kynar de Suisse pour toutes les connexions audio de niveau ligne.<\/p>\n\n\n\n<p>Aucune connexion rapide bon march\u00e9 n\u2019est utilis\u00e9e dans aucune des connexions. Le fil est soud\u00e9 directement \u00e0 chaque point de contact \u00e0 l&rsquo;aide de la soudure \u00e0 l&rsquo;argent WBT, la plus fine au monde.<\/p>\n\n\n\n<figure class=\"wp-block-image size-full\"><img loading=\"lazy\" width=\"1000\" height=\"668\" src=\"https:\/\/www.daidenaudio.com\/wp-content\/uploads\/2024\/04\/D6B_1933b-1000px.jpg\" alt=\"\" class=\"wp-image-515\"\/><\/figure>\n\n\n\n<p>An Harmoniezh II est livr\u00e9 avec d&rsquo;excellents borniers d&rsquo;enceintes et RCA plaqu\u00e9s argent de la marque am\u00e9ricaine CMC plaqu\u00e9s argent.<\/p>\n\n\n\n<p><\/p>\n\n\n\n<figure class=\"wp-block-image size-full\"><img loading=\"lazy\" width=\"1932\" height=\"1449\" src=\"https:\/\/www.daidenaudio.com\/wp-content\/uploads\/2024\/11\/DSC_5494-2000px-1.jpg\" alt=\"An Harmoniezh chez Hifi 35 Rennes\" class=\"wp-image-610\"\/><figcaption>An Harmoniezh chez Hifi 35 Rennes<\/figcaption><\/figure>\n","protected":false},"excerpt":{"rendered":"<p>An Harmoniezh II offre la m\u00eame qualit\u00e9 sonore exceptionnelle et la m\u00eame apparence qu&rsquo;An Harmoniezh, et fournit une entr\u00e9e suppl\u00e9mentaire, [&hellip;]<\/p>\n","protected":false},"author":1,"featured_media":0,"parent":0,"menu_order":0,"comment_status":"closed","ping_status":"closed","template":"","meta":[],"_links":{"self":[{"href":"https:\/\/www.daidenaudio.com\/index.php\/wp-json\/wp\/v2\/pages\/513"}],"collection":[{"href":"https:\/\/www.daidenaudio.com\/index.php\/wp-json\/wp\/v2\/pages"}],"about":[{"href":"https:\/\/www.daidenaudio.com\/index.php\/wp-json\/wp\/v2\/types\/page"}],"author":[{"embeddable":true,"href":"https:\/\/www.daidenaudio.com\/index.php\/wp-json\/wp\/v2\/users\/1"}],"replies":[{"embeddable":true,"href":"https:\/\/www.daidenaudio.com\/index.php\/wp-json\/wp\/v2\/comments?post=513"}],"version-history":[{"count":3,"href":"https:\/\/www.daidenaudio.com\/index.php\/wp-json\/wp\/v2\/pages\/513\/revisions"}],"predecessor-version":[{"id":612,"href":"https:\/\/www.daidenaudio.com\/index.php\/wp-json\/wp\/v2\/pages\/513\/revisions\/612"}],"wp:attachment":[{"href":"https:\/\/www.daidenaudio.com\/index.php\/wp-json\/wp\/v2\/media?parent=513"}],"curies":[{"name":"wp","href":"https:\/\/api.w.org\/{rel}","templated":true}]}}