{"id":273,"date":"2023-02-08T09:48:58","date_gmt":"2023-02-08T08:48:58","guid":{"rendered":"https:\/\/www.daidenaudio.com\/?page_id=273"},"modified":"2026-03-23T18:42:35","modified_gmt":"2026-03-23T17:42:35","slug":"ar-sonerezh","status":"publish","type":"page","link":"https:\/\/www.daidenaudio.com\/index.php\/ar-sonerezh\/","title":{"rendered":"Ar Sonerezh"},"content":{"rendered":"\n<p>B014 &#8211; La  Musique : un bi-amplificateur de la plus haute qualit\u00e9 et finesse<\/p>\n\n\n\n<figure class=\"wp-block-image size-full\"><img loading=\"lazy\" width=\"1884\" height=\"1078\" src=\"https:\/\/www.daidenaudio.com\/wp-content\/uploads\/2023\/08\/AirBrush_20230207222215_Vignette-persp_c.jpg\" alt=\"\" class=\"wp-image-481\"\/><\/figure>\n\n\n\n<p>Ar Sonerezh est l&rsquo;aboutissement de toutes nos connaissances sans restriction pour fournir notre meilleur amplificateur.<\/p>\n\n\n\n<figure class=\"wp-block-image size-full\"><img loading=\"lazy\" width=\"1200\" height=\"801\" src=\"https:\/\/www.daidenaudio.com\/wp-content\/uploads\/2023\/07\/D6B_1220-1200px.jpg\" alt=\"Fa\u00e7ade grav\u00e9e au laser\" class=\"wp-image-392\"\/><figcaption>La fa\u00e7ade en aluminium de 10 mm est grav\u00e9e au laser<\/figcaption><\/figure>\n\n\n\n<div class=\"wp-container-3 wp-block-columns\">\n<div class=\"wp-container-1 wp-block-column\"><\/div>\n\n\n\n<div class=\"wp-container-2 wp-block-column\">\n<p><\/p>\n<\/div>\n<\/div>\n\n\n\n<figure class=\"wp-block-image size-full\"><img loading=\"lazy\" width=\"1200\" height=\"801\" src=\"https:\/\/www.daidenaudio.com\/wp-content\/uploads\/2023\/07\/D6B_1244_259b-1200px.jpg\" alt=\"Chassis en aluminium\" class=\"wp-image-388\"\/><figcaption>Tout le ch\u00e2ssis en aluminium avec de grands radiateurs assure que l\u2019amplificateur reste frais dans toutes les conditions<\/figcaption><\/figure>\n\n\n\n<figure class=\"wp-block-image size-full\"><img loading=\"lazy\" width=\"1200\" height=\"801\" src=\"https:\/\/www.daidenaudio.com\/wp-content\/uploads\/2023\/07\/D6B_1388b-crop-1200px.jpg\" alt=\"\" class=\"wp-image-456\"\/><figcaption>Ar Sonerezh est \u00e9galement disponible en option en aluminium anodis\u00e9 noir<\/figcaption><\/figure>\n\n\n\n<p>Caract\u00e9ristiques techniques :<\/p>\n\n\n\n<ul><li>Amp A<ul><li>Puissance de sortie 8\u03a9 : 2 x 72 W RMS<\/li><li>Puissance de sortie 4\u03a9 : 2 x 110 W RMS<\/li><\/ul><\/li><li>Amp B<ul><li>Puissance de sortie 4\u03a9 : 2 x 150 W RMS<\/li><\/ul><\/li><li>Bande passante : 15 Hz \u2013 50 kHz<\/li><li>Distorsion : &lt; 0,07%<\/li><li>Rapport Signal \/ bruit : > 120 dB<\/li><li>S\u00e9paration des canaux : > 80 dB<\/li><li>Imp\u00e9d. d\u2019entr\u00e9e : 20 K\u03a9<\/li><li>Tension secteur : 220-240V<\/li><li>Consommation du standby : &lt; 14 W<\/li><li>Consommation max. : 530W<\/li><li>Puissance du transformateur : 600W<\/li><li>Transformateur : Toro\u00efdal<\/li><li>Hauteur : 146 mm<\/li><li>Largeur : 450 mm<\/li><li>Profondeur : 430 mm<\/li><li>Poids Net : 15 kg<\/li><\/ul>\n\n\n\n<p><strong>Ar Sonerezh est disponible en 2 versions au m\u00eame prix :<\/strong><br>* La version 1 est livr\u00e9e avec une paire d&rsquo;entr\u00e9es RCA <strong>WBT Nextgen Ag<\/strong> et 4 paires de borniers d&rsquo;enceintes WBT Nextgen Ag, tous des contacts argent\u00e9s pour une transparence ultime.<br>* La version 2 est livr\u00e9e avec les entr\u00e9es RCA FURUTECH FP-901(R), en cuivre pur avec placage rhodium. Pour les connexions des enceintes sup\u00e9rieures, il y a 2 paires de borniers en cuivre plaqu\u00e9 rhodium <strong>FURUTECH<\/strong> FT-816 (R) et pour l&rsquo;amplicateur de grave (BASS), il y a les borniers en cuivre plaqu\u00e9 argent CMC.<\/p>\n\n\n\n<figure class=\"wp-block-image size-full\"><img loading=\"lazy\" width=\"1200\" height=\"801\" src=\"https:\/\/www.daidenaudio.com\/wp-content\/uploads\/2023\/07\/D6B_1206b-1200px-1.jpg\" alt=\"WBT Nextgen Ag\" class=\"wp-image-393\"\/><figcaption>Ar Sonerezh poss\u00e8de les meilleurs connecteurs, avec une entr\u00e9e  RCA et des bornes d&rsquo;enceintes WBT Nextgen Ag<\/figcaption><\/figure>\n\n\n\n<figure class=\"wp-block-image size-full\"><img loading=\"lazy\" width=\"1260\" height=\"801\" src=\"https:\/\/www.daidenaudio.com\/wp-content\/uploads\/2024\/07\/DSC_9305b_crop_1200px-BW.jpg\" alt=\"\" class=\"wp-image-558\"\/><figcaption>Ar Sonerezh  avec option FURUTECH et CMC<\/figcaption><\/figure>\n\n\n\n<p><strong>Construit avec les meilleurs composants avec des ann\u00e9es de tests, il a abouti \u00e0 l&rsquo;un des meilleurs amplificateurs sonores jamais con\u00e7us. Seuls quelques-uns des meilleurs amplificateurs \u00e0 tubes peuvent fournir une qualit\u00e9 de son \u00e0 ce niveau.<\/strong><\/p>\n\n\n\n<ul><li>Avec 4 \u00e9tages d&rsquo;alimentation s\u00e9par\u00e9s et les meilleurs composants et pi\u00e8ces, y compris :<\/li><\/ul>\n\n\n\n<ul><li>Neotech SOST UP-OCC, fil d&rsquo;argent solide 99.99998%, monocristallin, rectangulaire (50\u20ac \/ m)<\/li><\/ul>\n\n\n\n<figure class=\"wp-block-image size-full\"><img loading=\"lazy\" width=\"259\" height=\"194\" src=\"https:\/\/www.daidenaudio.com\/wp-content\/uploads\/2023\/07\/Neotech-silver-upocc.jpg\" alt=\"\" class=\"wp-image-413\"\/><\/figure>\n\n\n\n<ul><li>Soudure \u00e0 l&rsquo;argent WBT<\/li><\/ul>\n\n\n\n<figure class=\"wp-block-image size-full\"><img loading=\"lazy\" width=\"450\" height=\"294\" src=\"https:\/\/www.daidenaudio.com\/wp-content\/uploads\/2023\/02\/WBT-08xx_01.jpg\" alt=\"WBT silver solder\" class=\"wp-image-267\"\/><\/figure>\n\n\n\n<ul><li>RCA argent WBT NextGen<\/li><\/ul>\n\n\n\n<figure class=\"wp-block-image size-full\"><img loading=\"lazy\" width=\"456\" height=\"263\" src=\"https:\/\/www.daidenaudio.com\/wp-content\/uploads\/2023\/06\/WBT-Nextgen-Ag-RCA.jpg\" alt=\"\" class=\"wp-image-340\"\/><\/figure>\n\n\n\n<p>Poteaux de haut-parleur argent NextGen de WBT Allemagne<\/p>\n\n\n\n<figure class=\"wp-block-image size-full\"><img loading=\"lazy\" width=\"474\" height=\"272\" src=\"https:\/\/www.daidenaudio.com\/wp-content\/uploads\/2023\/06\/WBT-Nextgen-Ag-posts.jpg\" alt=\"\" class=\"wp-image-338\"\/><\/figure>\n\n\n\n<ul><li>Un transformateur toro\u00efdal de 600 watts sp\u00e9cialement construit avec une gauss \u00e9lectrostatique entre les \u00e9tages<\/li><\/ul>\n\n\n\n<ul><li>R\u00e9sistances non magn\u00e9tiques de qualit\u00e9 militaire<\/li><\/ul>\n\n\n\n<ul><li>R\u00e9sistances ajust\u00e9es au laser Z-Foil pour l&rsquo;\u00e9tage de r\u00e9troaction<\/li><\/ul>\n\n\n\n<ul><li>Condensateurs ultra-rapides \u00e0 faible ESR et \u00e0 longue dur\u00e9e de vie de Panasonic Japon<\/li><\/ul>\n\n\n\n<ul><li>Condensateurs de couplage de qualit\u00e9 extr\u00eame, <a href=\"http:\/\/Silver Z-Cap de Jantzen Audio Denmark\">Silver Z-Cap<\/a> de Jantzen Audio Denmark<\/li><\/ul>\n\n\n\n<figure class=\"wp-block-image size-full\"><a href=\"http:\/\/www.jantzen-audio.com\/wp-content\/uploads\/Silver-Z-Cap-Data.pdf\"><img loading=\"lazy\" width=\"600\" height=\"450\" src=\"https:\/\/www.daidenaudio.com\/wp-content\/uploads\/2023\/06\/silver-cap-600.jpg\" alt=\"\" class=\"wp-image-336\"\/><\/a><figcaption>Silver Z-Cap de Jantzen Audio Denmark<\/figcaption><\/figure>\n\n\n\n<p><\/p>\n\n\n\n<p>Les bi-amplificateurs Daiden Audio ont \u00e9t\u00e9 pens\u00e9s et con\u00e7us sp\u00e9cifiquement pour les c\u00e9l\u00e8bres enceintes Bowers et Wilkins 802 et 805. Des ann\u00e9es de conception et de tests ont abouti \u00e0 un amplificateur qui fait ressortir le meilleur de cette enceinte \u00e9tonnante.<\/p>\n\n\n\n<p><\/p>\n\n\n\n<p>Les bi-amplificateurs Daiden Audio sont une combinaison unique de 2 amplificateurs en 1, chacun con\u00e7u pour son r\u00f4le, un pour les fr\u00e9quences moyennes \u00e0 hautes, avec un son ouvert et spacieux et des tons moyens riches, et le second sp\u00e9cialement con\u00e7u pour contr\u00f4ler les grands haut-parleurs de basses. , fournissant du courant pour la faible imp\u00e9dance et un contr\u00f4le strict de ces grands haut-parleurs.<br>Outre l&rsquo;avantage de 2 amplis sp\u00e9cialement con\u00e7us, l&rsquo;autre avantage est que chaque amplificateur ne voit que la moiti\u00e9 du crossover int\u00e9gr\u00e9 dans les haut-parleurs.<br>Cela a de multiples avantages :<\/p>\n\n\n\n<ul><li>Les grandes quantit\u00e9s de Back EMF (fr\u00e9quence \u00e9lectromoteur) g\u00e9n\u00e9r\u00e9es par les woofers sont isol\u00e9es, o\u00f9 comme dans un seul ampli, l&rsquo;EMF irait directement dans la bascule et causerait une duret\u00e9 agressive aux hautes fr\u00e9quences.<\/li><li>Chaque amplificateur ne verra et ne traitera que la moiti\u00e9 du crossover, donc l&rsquo;amplificateur de basse passe par le filtre passe-bas, et l&rsquo;autre amplificateur ne voit que le filtre passe-haut. Cela r\u00e9duit la distorsion dans le domaine temporel sous la forme d&rsquo;un d\u00e9phasage, ce qui se traduit par une sc\u00e8ne sonore plus claire.<\/li><\/ul>\n\n\n\n<p>L&rsquo;amplificateur dispose \u00e9galement d&rsquo;un contr\u00f4le de volume pour l&rsquo;amplificateur de basses, permettant de r\u00e9gler l&rsquo;\u00e9quilibre parfait entre les aigus et les graves en fonction de l&#8217;emplacement des haut-parleurs et de sa distance par rapport au mur du fond et aux angles.<\/p>\n\n\n\n<p>L&rsquo;objectif de Daiden Audio est de r\u00e9duire au strict minimum toutes les formes de distorsion dans le domaine temporel, ce que nos ing\u00e9nieurs ont identifi\u00e9 comme le v\u00e9ritable coupable dans la conception de l&rsquo;amplificateur est l&rsquo;objectif d&rsquo;une v\u00e9ritable ouverture, des d\u00e9tails de texture et de la sc\u00e8ne sonore.<\/p>\n\n\n\n<p>Ceci est r\u00e9alis\u00e9 en utilisant des pi\u00e8ces uniques ainsi qu&rsquo;une \u00e9tape de r\u00e9troaction aussi courte que possible.<br>Nous utilisons une r\u00e9sistance de qualit\u00e9 militaire non magn\u00e9tique dans le chemin du signal, ce qui r\u00e9duit consid\u00e9rablement la distorsion TIM.<\/p>\n\n\n\n<p><br>L&rsquo;\u00e9tage de r\u00e9troaction utilise des r\u00e9sistances m\u00e9talliques en vrac hautement sp\u00e9cialis\u00e9es, le Vishay VAR Z-Foil, avec seulement une fraction du bruit de tous les autres types de r\u00e9sistances. Bien que le prix soit 100 fois sup\u00e9rieur \u00e0 celui des r\u00e9sistances standard, les r\u00e9sultats sont \u00e9tonnants et valent bien le co\u00fbt.<\/p>\n\n\n\n<figure class=\"wp-block-image size-full\"><img loading=\"lazy\" width=\"1034\" height=\"390\" src=\"https:\/\/www.daidenaudio.com\/wp-content\/uploads\/2023\/01\/Vishay-Var-Z-Foil2.jpg\" alt=\"Vishay Var Z-Foil resistors\" class=\"wp-image-218\"\/><figcaption>The finest resistors, Vishay VAR Naked Bulk Metal Z-Foil<\/figcaption><\/figure>\n\n\n\n<p><br><\/p>\n\n\n\n<p>Des ann\u00e9es de conception et de tests dans l&rsquo;\u00e9tape d&rsquo;alimentation, en utilisant des condensateurs \u00e0 tr\u00e8s faible r\u00e9sistance interne (ESR), comme une am\u00e9lioration consid\u00e9rable de la vitesse et de la vitesse de balayage (slew rate), font ressortir des d\u00e9tails de texture comme vous ne les avez jamais entendus.<\/p>\n\n\n\n<figure class=\"wp-block-image size-full\"><img loading=\"lazy\" width=\"800\" height=\"546\" src=\"https:\/\/www.daidenaudio.com\/wp-content\/uploads\/2022\/11\/D6B_0723-crop-800px.jpg\" alt=\"transport case\" class=\"wp-image-134\"\/><figcaption>Sonerezh est fourni dans une belle mallette de transport<\/figcaption><\/figure>\n\n\n\n<figure class=\"wp-block-image size-full\"><img loading=\"lazy\" width=\"1600\" height=\"1253\" src=\"https:\/\/www.daidenaudio.com\/wp-content\/uploads\/2023\/08\/D6B_1445b-1600px.jpg\" alt=\"Mallette de transport\" class=\"wp-image-494\"\/><\/figure>\n\n\n\n<p>Chaque amplificateur Ar Sonerezh est livr\u00e9 dans sa propre mallette de transport et sa housse de protection en tissu personnalis\u00e9e.<\/p>\n\n\n\n<figure class=\"wp-block-image size-full\"><img loading=\"lazy\" width=\"1200\" height=\"801\" src=\"https:\/\/www.daidenaudio.com\/wp-content\/uploads\/2023\/08\/D6B_1441b-crop-1200px.jpg\" alt=\"housse de protection en tissu personnalis\u00e9e\" class=\"wp-image-495\"\/><\/figure>\n\n\n\n<p><br>Une fois que vous avez entendu la musique sur vos haut-parleurs avec une amplificateur Daiden Audio, vous voulez entendre \u00e0 nouveau toute votre musique, avec une qualit\u00e9 sonore que vous n&rsquo;avez jamais entendue auparavant !<\/p>\n\n\n\n<figure class=\"wp-block-image size-full\"><img loading=\"lazy\" width=\"1200\" height=\"643\" src=\"https:\/\/www.daidenaudio.com\/wp-content\/uploads\/2023\/01\/DSC_1395b-crop-1200px.jpg\" alt=\"\" class=\"wp-image-226\"\/><figcaption>ODEON Helix, ODEON Rigoletto avec le Daiden Audio Gwena\u00eblle<\/figcaption><\/figure>\n\n\n\n<p>Un r\u00e9sultat surprenant de cette conception d&rsquo;amplificateur est la qualit\u00e9 sonore exceptionnelle lors de la conduite des haut-parleurs extraordinaires de la soci\u00e9t\u00e9 audio allemande ODEON.<br>Tous les magasins qui ont entendu le Daiden Audio Sonerezh avec l&rsquo;ODEON Helix ont d\u00e9clar\u00e9 que c&rsquo;est l&rsquo;un des meilleurs mariages qu&rsquo;ils aient jamais entendus. Seuls quelques amplificateurs \u00e0 tubes haut de gamme se sont approch\u00e9s ou ont \u00e9gal\u00e9 les r\u00e9sultats, et aucun n&rsquo;a donn\u00e9 l&rsquo;incroyable puissance des basses et les d\u00e9tails que Ar Sonerezh fournit ! <\/p>\n\n\n\n<p><strong>C&rsquo;est magique !<\/strong><\/p>\n\n\n\n<p><\/p>\n\n\n\n<figure class=\"wp-block-image size-full\"><img loading=\"lazy\" width=\"2016\" height=\"1134\" src=\"https:\/\/www.daidenaudio.com\/wp-content\/uploads\/2024\/11\/DSC_5352-2000px.jpg\" alt=\"Ar Sonerezh chez Hifi 35 \u00e0 Rennes avec les Bowers &amp; Wilkins 802\" class=\"wp-image-605\"\/><figcaption>Ar Sonerezh chez Hifi 35 \u00e0 Rennes avec les Bowers &amp; Wilkins 802<\/figcaption><\/figure>\n","protected":false},"excerpt":{"rendered":"<p>B014 &#8211; La Musique : un bi-amplificateur de la plus haute qualit\u00e9 et finesse Ar Sonerezh est l&rsquo;aboutissement de toutes [&hellip;]<\/p>\n","protected":false},"author":1,"featured_media":0,"parent":0,"menu_order":0,"comment_status":"closed","ping_status":"closed","template":"","meta":[],"_links":{"self":[{"href":"https:\/\/www.daidenaudio.com\/index.php\/wp-json\/wp\/v2\/pages\/273"}],"collection":[{"href":"https:\/\/www.daidenaudio.com\/index.php\/wp-json\/wp\/v2\/pages"}],"about":[{"href":"https:\/\/www.daidenaudio.com\/index.php\/wp-json\/wp\/v2\/types\/page"}],"author":[{"embeddable":true,"href":"https:\/\/www.daidenaudio.com\/index.php\/wp-json\/wp\/v2\/users\/1"}],"replies":[{"embeddable":true,"href":"https:\/\/www.daidenaudio.com\/index.php\/wp-json\/wp\/v2\/comments?post=273"}],"version-history":[{"count":48,"href":"https:\/\/www.daidenaudio.com\/index.php\/wp-json\/wp\/v2\/pages\/273\/revisions"}],"predecessor-version":[{"id":740,"href":"https:\/\/www.daidenaudio.com\/index.php\/wp-json\/wp\/v2\/pages\/273\/revisions\/740"}],"wp:attachment":[{"href":"https:\/\/www.daidenaudio.com\/index.php\/wp-json\/wp\/v2\/media?parent=273"}],"curies":[{"name":"wp","href":"https:\/\/api.w.org\/{rel}","templated":true}]}}