{"id":222,"date":"2023-01-20T13:47:13","date_gmt":"2023-01-20T12:47:13","guid":{"rendered":"https:\/\/www.daidenaudio.com\/?page_id=222"},"modified":"2025-07-08T23:38:55","modified_gmt":"2025-07-08T21:38:55","slug":"gwenaelle","status":"publish","type":"page","link":"https:\/\/www.daidenaudio.com\/index.php\/gwenaelle\/","title":{"rendered":"Gwena\u00eblle"},"content":{"rendered":"\n<p>B004 &#8211; Le G\u00e9n\u00e9reux<\/p>\n\n\n\n<figure class=\"wp-block-image size-full\"><img loading=\"lazy\" width=\"1200\" height=\"801\" src=\"https:\/\/www.daidenaudio.com\/wp-content\/uploads\/2023\/07\/AirBrush_20230711123406.jpg\" alt=\"Gwena\u00eblle\" class=\"wp-image-425\"\/><\/figure>\n\n\n\n<p>Gwena\u00eblle apporte tous les avantages et la technologie de nos amplificateurs st\u00e9r\u00e9o, avec en plus les am\u00e9liorations de la bi-amplification.<\/p>\n\n\n\n<figure class=\"wp-block-image size-full\"><img loading=\"lazy\" width=\"1200\" height=\"683\" src=\"https:\/\/www.daidenaudio.com\/wp-content\/uploads\/2023\/07\/D6B_1361b-crop-1200px.jpg\" alt=\"Gwena\u00eblle en noir\" class=\"wp-image-446\"\/><figcaption>Gwena\u00eblle est \u00e9galement disponible en option en aluminium anodis\u00e9 noir<\/figcaption><\/figure>\n\n\n\n<p>Caract\u00e9ristiques techniques :<\/p>\n\n\n\n<ul><li>Amp A<ul><li>Puissance de sortie 8\u03a9 : 2 x 30 W RMS<\/li><li>Puissance de sortie 4\u03a9 : 2 x 38 W RMS<\/li><\/ul><\/li><li>Amp B<ul><li>Puissance de sortie 4\u03a9 : 2 x 130 W RMS<\/li><\/ul><\/li><li>Bande passante : 15 Hz \u2013 30 kHz<\/li><li>Distorsion : &lt; 0,09%<\/li><li>Rapport Signal \/ bruit : &gt; 110 dB<\/li><li>S\u00e9paration des canaux : &gt; 76 dB<\/li><li>Imp\u00e9d. d\u2019entr\u00e9e : 20 K\u03a9<\/li><li>Tension secteur : 220-240V<\/li><li>Consommation du standby : &lt; 12 W<\/li><li>Consommation max. : 310W<\/li><li>Puissance du transformateur : 300W<\/li><li>Transformateur : Toro\u00efdal<\/li><li>Hauteur : 146 mm<\/li><li>Largeur : 450 mm<\/li><li>Profondeur : 430 mm<\/li><li>Poids Net : 12 kg<\/li><\/ul>\n\n\n\n<p>Les bi-amplificateurs Daiden Audio ont \u00e9t\u00e9 pens\u00e9s et con\u00e7us sp\u00e9cifiquement pour les c\u00e9l\u00e8bres enceintes Bowers et Wilkins 802. Des ann\u00e9es de conception et de tests ont abouti \u00e0 un amplificateur qui fait ressortir le meilleur de cette enceinte \u00e9tonnante.<\/p>\n\n\n\n<figure class=\"wp-block-image size-full\"><img loading=\"lazy\" width=\"1200\" height=\"801\" src=\"https:\/\/www.daidenaudio.com\/wp-content\/uploads\/2023\/07\/D6B_1258-1200px.jpg\" alt=\"Bi-amplificateur\" class=\"wp-image-378\"\/><\/figure>\n\n\n\n<p>Les bi-amplificateurs Daiden Audio sont une combinaison unique de 2 amplificateurs en 1, chacun con\u00e7u pour son r\u00f4le, un pour les fr\u00e9quences moyennes \u00e0 hautes, avec un son ouvert et spacieux et des tons moyens riches, et le second sp\u00e9cialement con\u00e7u pour contr\u00f4ler les grands haut-parleurs de basses. , fournissant du courant pour la faible imp\u00e9dance et un contr\u00f4le strict de ces grands haut-parleurs.<br>Outre l&rsquo;avantage de 2 amplis sp\u00e9cialement con\u00e7us, l&rsquo;autre avantage est que chaque amplificateur ne voit que la moiti\u00e9 du crossover int\u00e9gr\u00e9 dans les haut-parleurs.<br>Cela a de multiples avantages :<\/p>\n\n\n\n<ul><li>Les grandes quantit\u00e9s de Back EMF (fr\u00e9quence \u00e9lectromoteur) g\u00e9n\u00e9r\u00e9es par les woofers sont isol\u00e9es, o\u00f9 comme dans un seul ampli, l&rsquo;EMF irait directement dans la bascule et causerait une duret\u00e9 agressive aux hautes fr\u00e9quences.<\/li><li>Chaque amplificateur ne verra et ne traitera que la moiti\u00e9 du crossover, donc l&rsquo;amplificateur de basse passe par le filtre passe-bas, et l&rsquo;autre amplificateur ne voit que le filtre passe-haut. Cela r\u00e9duit la distorsion dans le domaine temporel sous la forme d&rsquo;un d\u00e9phasage, ce qui se traduit par une sc\u00e8ne sonore plus claire.<\/li><\/ul>\n\n\n\n<p>L&rsquo;amplificateur dispose \u00e9galement d&rsquo;un contr\u00f4le de volume pour l&rsquo;amplificateur de basses, permettant de r\u00e9gler l&rsquo;\u00e9quilibre parfait entre les aigus et les graves en fonction de l&#8217;emplacement des haut-parleurs et de sa distance par rapport au mur du fond et aux angles.<\/p>\n\n\n\n<figure class=\"wp-block-image size-full\"><img loading=\"lazy\" width=\"1200\" height=\"801\" src=\"https:\/\/www.daidenaudio.com\/wp-content\/uploads\/2023\/07\/D6B_1261b-1200px.jpg\" alt=\"\" class=\"wp-image-382\"\/><\/figure>\n\n\n\n<figure class=\"wp-block-image size-full\"><img loading=\"lazy\" width=\"1200\" height=\"801\" src=\"https:\/\/www.daidenaudio.com\/wp-content\/uploads\/2023\/07\/D6B_1264b-1200px.jpg\" alt=\"Gwena\u00eblle\" class=\"wp-image-383\"\/><figcaption>Illustr\u00e9 avec l&rsquo;option pour une deuxi\u00e8me entr\u00e9e RCA permettant le traitement du signal externe vers AMP B<\/figcaption><\/figure>\n\n\n\n<p>L&rsquo;objectif de Daiden Audio est de r\u00e9duire au strict minimum toutes les formes de distorsion dans le domaine temporel, ce que nos ing\u00e9nieurs ont identifi\u00e9 comme le v\u00e9ritable coupable dans la conception de l&rsquo;amplificateur est l&rsquo;objectif d&rsquo;une v\u00e9ritable ouverture, des d\u00e9tails de texture et de la sc\u00e8ne sonore.<\/p>\n\n\n\n<p>Ceci est r\u00e9alis\u00e9 en utilisant des pi\u00e8ces uniques ainsi qu&rsquo;une \u00e9tape de r\u00e9troaction aussi courte que possible.<br>Nous utilisons une r\u00e9sistance de qualit\u00e9 militaire non magn\u00e9tique dans le chemin du signal, ce qui r\u00e9duit consid\u00e9rablement la distorsion TIM.<\/p>\n\n\n\n<p><br>L&rsquo;\u00e9tage de r\u00e9troaction utilise des r\u00e9sistances m\u00e9talliques en vrac hautement sp\u00e9cialis\u00e9es, le Vishay VAR Z-Foil, avec seulement une fraction du bruit de tous les autres types de r\u00e9sistances. Bien que le prix soit 100 fois sup\u00e9rieur \u00e0 celui des r\u00e9sistances standard, les r\u00e9sultats sont \u00e9tonnants et valent bien le co\u00fbt.<\/p>\n\n\n\n<figure class=\"wp-block-image size-full\"><img loading=\"lazy\" width=\"1034\" height=\"390\" src=\"https:\/\/www.daidenaudio.com\/wp-content\/uploads\/2023\/01\/Vishay-Var-Z-Foil2.jpg\" alt=\"Vishay Var Z-Foil resistors\" class=\"wp-image-218\"\/><\/figure>\n\n\n\n<p><br><\/p>\n\n\n\n<p>Des ann\u00e9es de conception et de tests dans l&rsquo;\u00e9tape d&rsquo;alimentation, en utilisant des condensateurs \u00e0 tr\u00e8s faible r\u00e9sistance interne (ESR), comme une am\u00e9lioration consid\u00e9rable de la vitesse et de la vitesse de balayage (slew rate), font ressortir des d\u00e9tails de texture comme vous ne les avez jamais entendus.<br>Une fois que vous avez entendu la musique sur vos haut-parleurs avec une amplificateur Daiden Audio, vous voulez entendre \u00e0 nouveau toute votre musique, avec une qualit\u00e9 sonore que vous n&rsquo;avez jamais entendue auparavant !<\/p>\n\n\n\n<figure class=\"wp-block-image size-full\"><img loading=\"lazy\" width=\"1600\" height=\"1253\" src=\"https:\/\/www.daidenaudio.com\/wp-content\/uploads\/2023\/08\/D6B_1445b-1600px.jpg\" alt=\"mallette de transport\" class=\"wp-image-494\"\/><\/figure>\n\n\n\n<p>En option, vous pouvez commander votre amplificateur avec une housse brod\u00e9e et un flight case. Renseignez-vous.<\/p>\n\n\n\n<figure class=\"wp-block-image size-full\"><img loading=\"lazy\" width=\"1200\" height=\"801\" src=\"https:\/\/www.daidenaudio.com\/wp-content\/uploads\/2023\/08\/D6B_1441b-crop-1200px.jpg\" alt=\"housse de protection en tissu personnalis\u00e9e\" class=\"wp-image-495\"\/><\/figure>\n\n\n\n<figure class=\"wp-block-image size-full\"><img loading=\"lazy\" width=\"1200\" height=\"643\" src=\"https:\/\/www.daidenaudio.com\/wp-content\/uploads\/2023\/01\/DSC_1395b-crop-1200px.jpg\" alt=\"\" class=\"wp-image-226\"\/><figcaption>ODEON Helix, ODEON Rigoletto avec le Daiden Audio Gwena\u00eblle<\/figcaption><\/figure>\n\n\n\n<p>Un r\u00e9sultat surprenant de cette conception d&rsquo;amplificateur est la qualit\u00e9 sonore exceptionnelle lors de la conduite des haut-parleurs extraordinaires de la soci\u00e9t\u00e9 audio allemande ODEON.<br>Tous les magasins qui ont entendu le Daiden Audio Gwena\u00eblle avec l&rsquo;ODEON Helix ont d\u00e9clar\u00e9 que c&rsquo;est l&rsquo;un des meilleurs mariages qu&rsquo;ils aient jamais entendus. Seuls quelques amplificateurs \u00e0 tubes haut de gamme se sont approch\u00e9s ou ont \u00e9gal\u00e9 les r\u00e9sultats, et aucun n&rsquo;a donn\u00e9 l&rsquo;incroyable puissance des basses et les d\u00e9tails que Gwena\u00eblle fournit ! <\/p>\n\n\n\n<p><strong>C&rsquo;est magique !<\/strong><\/p>\n\n\n\n<p><\/p>\n","protected":false},"excerpt":{"rendered":"<p>B004 &#8211; Le G\u00e9n\u00e9reux Gwena\u00eblle apporte tous les avantages et la technologie de nos amplificateurs st\u00e9r\u00e9o, avec en plus les [&hellip;]<\/p>\n","protected":false},"author":1,"featured_media":0,"parent":0,"menu_order":0,"comment_status":"closed","ping_status":"closed","template":"","meta":[],"_links":{"self":[{"href":"https:\/\/www.daidenaudio.com\/index.php\/wp-json\/wp\/v2\/pages\/222"}],"collection":[{"href":"https:\/\/www.daidenaudio.com\/index.php\/wp-json\/wp\/v2\/pages"}],"about":[{"href":"https:\/\/www.daidenaudio.com\/index.php\/wp-json\/wp\/v2\/types\/page"}],"author":[{"embeddable":true,"href":"https:\/\/www.daidenaudio.com\/index.php\/wp-json\/wp\/v2\/users\/1"}],"replies":[{"embeddable":true,"href":"https:\/\/www.daidenaudio.com\/index.php\/wp-json\/wp\/v2\/comments?post=222"}],"version-history":[{"count":19,"href":"https:\/\/www.daidenaudio.com\/index.php\/wp-json\/wp\/v2\/pages\/222\/revisions"}],"predecessor-version":[{"id":680,"href":"https:\/\/www.daidenaudio.com\/index.php\/wp-json\/wp\/v2\/pages\/222\/revisions\/680"}],"wp:attachment":[{"href":"https:\/\/www.daidenaudio.com\/index.php\/wp-json\/wp\/v2\/media?parent=222"}],"curies":[{"name":"wp","href":"https:\/\/api.w.org\/{rel}","templated":true}]}}