{"id":21,"date":"2022-07-07T13:54:39","date_gmt":"2022-07-07T11:54:39","guid":{"rendered":"https:\/\/www.daiden.co\/public\/?page_id=21"},"modified":"2025-10-10T10:19:42","modified_gmt":"2025-10-10T08:19:42","slug":"the-new-umoma-opens-its-doors-2","status":"publish","type":"page","link":"https:\/\/www.daidenaudio.com\/","title":{"rendered":"Ultimate Transparency in Music"},"content":{"rendered":"\n<div class=\"wp-container-1 wp-block-group alignwide\">\n<p><\/p>\n<\/div>\n\n\n\n<p><\/p>\n\n\n\n<div class=\"wp-container-4 wp-block-columns\">\n<div class=\"wp-container-2 wp-block-column\">\n<p>L\u00e0 o\u00f9 la technologie et l\u2019artisanat rencontrent la passion de la musique \u2013 Daiden Audio fait na\u00eetre la magie.<\/p>\n<\/div>\n\n\n\n<div class=\"wp-container-3 wp-block-column\">\n<p>Where technology and craftsmanship meet the passion for music \u2013 Daiden Audio brings the magic.<\/p>\n<\/div>\n<\/div>\n\n\n\n<figure class=\"wp-block-image size-full is-style-default\"><a href=\"https:\/\/www.daidenaudio.com\/index.php\/ar-sonerezh\/\"><img loading=\"lazy\" width=\"1884\" height=\"1078\" src=\"https:\/\/www.daidenaudio.com\/wp-content\/uploads\/2023\/08\/AirBrush_20230207222215_Vignette-persp_c.jpg\" alt=\"Daiden Audio Ar Sonerezh bi-amplifier\" class=\"wp-image-481\"\/><\/a><figcaption>Ar Sonerezh  (La Musique), bi-amplificateur d&rsquo;un son et d&rsquo;une qualit\u00e9 exceptionnels<\/figcaption><\/figure>\n\n\n\n<div class=\"wp-container-5 wp-block-buttons\">\n<div class=\"wp-block-button\"><a class=\"wp-block-button__link\" href=\"https:\/\/www.daidenaudio.com\/index.php\/les-amplificateurs\/\">Les Produits &gt;&gt;<\/a><\/div>\n<\/div>\n\n\n\n<p>Daiden Audio est bas\u00e9 dans la r\u00e9gion Bretagne sur la c\u00f4te ouest de la France. La langue maternelle est d&rsquo;origine celtique et tr\u00e8s similaire \u00e0 celle du Pays de Galles.<\/p>\n\n\n\n<p><br>Chaque produit est nomm\u00e9 avec un mot ou un nom celtique pour le repr\u00e9senter.<\/p>\n\n\n\n<figure class=\"wp-block-image size-full\"><img loading=\"lazy\" width=\"1200\" height=\"801\" src=\"https:\/\/www.daidenaudio.com\/wp-content\/uploads\/2023\/07\/D6B_1206b-1200px-1.jpg\" alt=\"Daiden Audio Ar Sonerezh bi-amplifier vue arri\u00e8re\" class=\"wp-image-393\"\/><figcaption>Ar Sonerezh poss\u00e8de les meilleurs connecteurs, avec une entr\u00e9e WBT Nextgen Ag RCA et des bornes d\u2019enceintes<\/figcaption><\/figure>\n\n\n\n<figure class=\"wp-block-image size-full\"><a href=\"https:\/\/www.daidenaudio.com\/index.php\/gwenaelle\/\"><img loading=\"lazy\" width=\"1200\" height=\"801\" src=\"https:\/\/www.daidenaudio.com\/wp-content\/uploads\/2023\/07\/D6B_1280b-persp-1200px-1.jpg\" alt=\"Daiden Audio Gwena\u00eblle bi-amplifier\" class=\"wp-image-380\"\/><\/a><figcaption>Gwena\u00eblle (Le G\u00e9n\u00e9reux) &#8211; Bi-Amplificateur<\/figcaption><\/figure>\n\n\n\n<figure class=\"wp-block-image size-full\"><img loading=\"lazy\" width=\"1200\" height=\"801\" src=\"https:\/\/www.daidenaudio.com\/wp-content\/uploads\/2023\/07\/D6B_1264b-1200px.jpg\" alt=\"Daiden Audio Gwena\u00eblle bi-amplifier vue arri\u00e8re\" class=\"wp-image-383\"\/><figcaption>Gwena\u00eblle, avec RCA rhodium b\u00e9ryllium et bornes d&rsquo;enceintes en argent<\/figcaption><\/figure>\n\n\n\n<figure class=\"wp-block-image size-full\"><a href=\"https:\/\/www.daidenaudio.com\/index.php\/an-braventez\/\"><img loading=\"lazy\" width=\"1800\" height=\"1202\" src=\"https:\/\/www.daidenaudio.com\/wp-content\/uploads\/2023\/07\/D6B_1226_250.jpg\" alt=\"Daiden Audio An Braventez amplifier\" class=\"wp-image-369\"\/><\/a><figcaption>An Braventez (La Beaut\u00e9) &#8211; Amplificateur<\/figcaption><\/figure>\n\n\n\n<figure class=\"wp-block-image size-full\"><img loading=\"lazy\" width=\"1894\" height=\"1218\" src=\"https:\/\/www.daidenaudio.com\/wp-content\/uploads\/2023\/07\/D6B_1140_242-color-btn_b-1894px-1.jpg\" alt=\"Daiden Audio An Harmoniezh amplifier\" class=\"wp-image-367\"\/><figcaption>An Harmoniezh  (l\u2019Harmonie), le petit bijou, est un amplificateur compact exquis<\/figcaption><\/figure>\n\n\n\n<figure class=\"wp-block-image size-full\"><img loading=\"lazy\" width=\"3008\" height=\"2008\" src=\"https:\/\/www.daidenaudio.com\/wp-content\/uploads\/2023\/07\/D6B_1161.jpg\" alt=\"Daiden Audio An Harmoniezh amplifier vue arri\u00e8re\" class=\"wp-image-363\"\/><figcaption>An Harmoniezh, vue de dos, avec RCA rhodium b\u00e9ryllium et bornes d&rsquo;enceintes en argent<\/figcaption><\/figure>\n\n\n\n<figure class=\"wp-block-image size-full\"><img loading=\"lazy\" width=\"3008\" height=\"2008\" src=\"https:\/\/www.daidenaudio.com\/wp-content\/uploads\/2023\/07\/D6B_1175.jpg\" alt=\"Daiden Audio An Harmoniezh amplifier\" class=\"wp-image-365\"\/><\/figure>\n\n\n\n<figure class=\"wp-block-image size-full\"><img loading=\"lazy\" width=\"1600\" height=\"1068\" src=\"https:\/\/www.daidenaudio.com\/wp-content\/uploads\/2023\/08\/Harmoniezh-D6B_1468-crop-1600px-bw1.jpg\" alt=\"housse de protection\" class=\"wp-image-504\"\/><figcaption>An Harmoniezh est livr\u00e9 dans son propre \u00e9tui de transport et en option une housse de protection en tissu personnalis\u00e9e.<\/figcaption><\/figure>\n","protected":false},"excerpt":{"rendered":"<p>L\u00e0 o\u00f9 la technologie et l\u2019artisanat rencontrent la passion de la musique \u2013 Daiden Audio fait na\u00eetre la magie. Where [&hellip;]<\/p>\n","protected":false},"author":2,"featured_media":20,"parent":0,"menu_order":0,"comment_status":"closed","ping_status":"closed","template":"","meta":[],"_links":{"self":[{"href":"https:\/\/www.daidenaudio.com\/index.php\/wp-json\/wp\/v2\/pages\/21"}],"collection":[{"href":"https:\/\/www.daidenaudio.com\/index.php\/wp-json\/wp\/v2\/pages"}],"about":[{"href":"https:\/\/www.daidenaudio.com\/index.php\/wp-json\/wp\/v2\/types\/page"}],"author":[{"embeddable":true,"href":"https:\/\/www.daidenaudio.com\/index.php\/wp-json\/wp\/v2\/users\/2"}],"replies":[{"embeddable":true,"href":"https:\/\/www.daidenaudio.com\/index.php\/wp-json\/wp\/v2\/comments?post=21"}],"version-history":[{"count":50,"href":"https:\/\/www.daidenaudio.com\/index.php\/wp-json\/wp\/v2\/pages\/21\/revisions"}],"predecessor-version":[{"id":728,"href":"https:\/\/www.daidenaudio.com\/index.php\/wp-json\/wp\/v2\/pages\/21\/revisions\/728"}],"wp:featuredmedia":[{"embeddable":true,"href":"https:\/\/www.daidenaudio.com\/index.php\/wp-json\/wp\/v2\/media\/20"}],"wp:attachment":[{"href":"https:\/\/www.daidenaudio.com\/index.php\/wp-json\/wp\/v2\/media?parent=21"}],"curies":[{"name":"wp","href":"https:\/\/api.w.org\/{rel}","templated":true}]}}