{"id":192,"date":"2023-01-19T20:29:41","date_gmt":"2023-01-19T19:29:41","guid":{"rendered":"https:\/\/www.daidenaudio.com\/?page_id=192"},"modified":"2026-03-23T18:41:58","modified_gmt":"2026-03-23T17:41:58","slug":"les-amplificateurs","status":"publish","type":"page","link":"https:\/\/www.daidenaudio.com\/index.php\/les-amplificateurs\/","title":{"rendered":"Les Amplificateurs"},"content":{"rendered":"\n<div class=\"wp-container-6 wp-block-group\" style=\"margin-bottom:4vw\">\n<h1>Donnez vie \u00e0 la musique<\/h1>\n\n\n\n<p class=\"has-large-font-size\">Chaque amplificateur a \u00e9t\u00e9 con\u00e7u pour les meilleurs haut-parleurs. Vous n&rsquo;avez jamais entendu vos haut-parleurs avoir un son aussi beau, d\u00e9taill\u00e9 et captivant.<\/p>\n\n\n\n<p>Tous les amplificateurs Daiden Audio sont construits \u00e0 partir de pi\u00e8ces de la plus haute qualit\u00e9, avec des ann\u00e9es de tests et de comparaisons intenses pour trouver le bon \u00e9quilibre, ce qui en fait la recette parfaite pour le son le plus enchanteur. C&rsquo;est le summum du son!<\/p>\n\n\n\n<div class=\"wp-container-5 wp-block-columns\">\n<div class=\"wp-container-2 wp-block-column\">\n<figure class=\"wp-block-image size-full is-style-default\"><a href=\"https:\/\/www.daidenaudio.com\/index.php\/ar-sonenn\/\"><img loading=\"lazy\" width=\"1894\" height=\"1218\" src=\"https:\/\/www.daidenaudio.com\/wp-content\/uploads\/2024\/06\/AirBrush_20240624104746.jpg\" alt=\"Daiden Audio Ar Sonenn amplifier\" class=\"wp-image-531\"\/><\/a><\/figure>\n\n\n\n<h2><strong>Ar Sonenn<\/strong><\/h2>\n\n\n\n<p>A001-Air de musique : 3400\u20ac<\/p>\n\n\n\n<p> Amplificateur Mosfet  65w\/ch sous 8 ohms, 100w\/ch sous 4ohms.<\/p>\n\n\n\n<p>C&rsquo;est peut-\u00eatre l&rsquo;entr\u00e9e de gamme, mais cela apportera \u00e0 la musique un sentiment de magie qui se fait rare \u00e0 tout prix.<\/p>\n\n\n\n<div class=\"wp-container-1 wp-block-buttons\">\n<div class=\"wp-block-button\"><a class=\"wp-block-button__link\" href=\"https:\/\/www.daidenaudio.com\/index.php\/ar-sonenn\/\">Suite<\/a><\/div>\n<\/div>\n<\/div>\n\n\n\n<div class=\"wp-container-4 wp-block-column\">\n<figure class=\"wp-block-image size-full is-style-default\"><a href=\"https:\/\/www.daidenaudio.com\/index.php\/ar-sonenn-ii\/\"><img loading=\"lazy\" width=\"2160\" height=\"1620\" src=\"https:\/\/www.daidenaudio.com\/wp-content\/uploads\/2024\/08\/AirBrush_20240820122538d.jpg\" alt=\"Daiden Audio Ar Sonenn II amplifier\" class=\"wp-image-596\"\/><\/a><\/figure>\n\n\n\n<h2><strong><strong>Ar Sonenn<\/strong><\/strong> II<\/h2>\n\n\n\n<p>A102 -Air de musique : 3800\u20ac<\/p>\n\n\n\n<p> Ar Sonenn II offre la m\u00eame qualit\u00e9 sonore et les m\u00eames performances extraordinaires, en ajoutant un contr\u00f4le du volume de haute qualit\u00e9 pour int\u00e9grer facilement les param\u00e8tres avec d&rsquo;autres \u00e9quipements.<\/p>\n\n\n\n<div class=\"wp-container-3 wp-block-buttons\">\n<div class=\"wp-block-button\"><a class=\"wp-block-button__link\" href=\"https:\/\/www.daidenaudio.com\/index.php\/ar-sonenn-ii\/\">Suite<\/a><\/div>\n<\/div>\n<\/div>\n<\/div>\n<\/div>\n\n\n\n<div class=\"wp-container-12 wp-block-group\" style=\"margin-bottom:4vw\">\n<p><\/p>\n\n\n\n<div class=\"wp-container-11 wp-block-columns\">\n<div class=\"wp-container-8 wp-block-column\">\n<figure class=\"wp-block-image size-full is-style-default\"><a href=\"https:\/\/www.daidenaudio.com\/index.php\/an-harmoniezh\/\"><img loading=\"lazy\" width=\"1894\" height=\"1218\" src=\"https:\/\/www.daidenaudio.com\/wp-content\/uploads\/2023\/07\/AirBrush_20230711124101.jpg\" alt=\"Daiden Audio An Harmoniezh amplifier\" class=\"wp-image-422\"\/><\/a><\/figure>\n\n\n\n<h2><strong>An Harmoniezh<\/strong><\/h2>\n\n\n\n<p>A002 &#8211; L&rsquo;Harmonie : 4400\u20ac<\/p>\n\n\n\n<p> Amplificateur Mosfet  65w\/ch sous 8 ohms, 100w\/ch sous 4ohms.<\/p>\n\n\n\n<p>Avec un style \u00e9l\u00e9gant, Harmoniezh est un bijou, avec un son extraordinaire \u00e0 la hauteur de son apparence.<\/p>\n\n\n\n<div class=\"wp-container-7 wp-block-buttons\">\n<div class=\"wp-block-button\"><a class=\"wp-block-button__link\" href=\"https:\/\/www.daidenaudio.com\/index.php\/an-harmoniezh\/\">Suite<\/a><\/div>\n<\/div>\n<\/div>\n\n\n\n<div class=\"wp-container-10 wp-block-column\">\n<figure class=\"wp-block-image size-full\"><a href=\"an-harmoniezh-II\"><img loading=\"lazy\" width=\"1894\" height=\"1264\" src=\"https:\/\/www.daidenaudio.com\/wp-content\/uploads\/2024\/04\/AirBrush_Foodie-Juicy-52percent.jpg\" alt=\"Daiden Audio An Harmoniezh II integrated amplifier\" class=\"wp-image-514\"\/><\/a><\/figure>\n\n\n\n<h2><strong>Harmoniezh<\/strong> II<\/h2>\n\n\n\n<p>A002-2 L&rsquo;Harmonie II: 4800\u20ac<\/p>\n\n\n\n<p>An Harmoniezh II offre la m\u00eame qualit\u00e9 sonore exceptionnelle et la m\u00eame apparence qu\u2019An Harmoniezh, et fournit une entr\u00e9e suppl\u00e9mentaire, permettant une utilisation comme un simple amplificateur int\u00e9gr\u00e9.<\/p>\n\n\n\n<div class=\"wp-container-9 wp-block-buttons\">\n<div class=\"wp-block-button\"><a class=\"wp-block-button__link\" href=\"https:\/\/www.daidenaudio.com\/index.php\/an-harmoniezh-II\/\">Suite<\/a><\/div>\n<\/div>\n<\/div>\n<\/div>\n<\/div>\n\n\n\n<div class=\"wp-container-18 wp-block-group\" style=\"margin-bottom:4vw\">\n<div class=\"wp-container-17 wp-block-columns\">\n<div class=\"wp-container-14 wp-block-column\">\n<figure class=\"wp-block-image size-full is-style-default\"><a href=\"https:\/\/www.daidenaudio.com\/index.php\/an-braventez\/\"><img loading=\"lazy\" width=\"1800\" height=\"1202\" src=\"https:\/\/www.daidenaudio.com\/wp-content\/uploads\/2023\/07\/AirBrush_20230711124012.jpg\" alt=\"Daiden Audio An Braventez amplifier\" class=\"wp-image-424\"\/><\/a><\/figure>\n\n\n\n<h2><strong>An Braventez<\/strong><\/h2>\n\n\n\n<p>A003 &#8211; La Beaut\u00e9  : 5800\u20ac<\/p>\n\n\n\n<p>Amplificateur Mosfet 72w\/ch sous 8 ohms, 120w\/ch sous 4ohms<\/p>\n\n\n\n<p>Con\u00e7u sp\u00e9cifiquement pour alimenter m\u00eame les haut-parleurs les plus difficiles tels que le Magnepan et le Martin Logan<strong>.<\/strong><\/p>\n\n\n\n<div class=\"wp-container-13 wp-block-buttons\">\n<div class=\"wp-block-button\"><a class=\"wp-block-button__link\" href=\"https:\/\/www.daidenaudio.com\/index.php\/an-braventez\/\">Suite<\/a><\/div>\n<\/div>\n<\/div>\n\n\n\n<div class=\"wp-container-16 wp-block-column\">\n<figure class=\"wp-block-image size-full is-style-default\"><a href=\"https:\/\/www.daidenaudio.com\/index.php\/ar-marvailherezh\/\"><img loading=\"lazy\" width=\"1536\" height=\"1024\" src=\"https:\/\/www.daidenaudio.com\/wp-content\/uploads\/2025\/09\/ArMarvailherezh-web.jpg\" alt=\"Daiden Audio Ar Marvailherezh amplifier\" class=\"wp-image-688\"\/><\/a><\/figure>\n\n\n\n<h2>Ar Marvailherezh<\/h2>\n\n\n\n<p>A005 &#8211; l&rsquo;\u00e9merveillement : 5800\u20ac<\/p>\n\n\n\n<p>Amplificateur Mosfet 82w\/ch \u00e0 8 ohms, 150w\/ch \u00e0 4ohms<\/p>\n\n\n\n<p>Poursuit la qu\u00eate de Daiden Audio pour une restitution musicale authentique, alliant ing\u00e9nierie raffin\u00e9e et savoir-faire artisanal. Proche de <em>An Braventez<\/em>, ce nouvel amplificateur va encore plus loin dans la transparence, la profondeur et le naturel musical.<\/p>\n\n\n\n<div class=\"wp-container-15 wp-block-buttons\">\n<div class=\"wp-block-button\"><a class=\"wp-block-button__link\" href=\"https:\/\/www.daidenaudio.com\/index.php\/ar-marvailherezh\/\">Suite<\/a><\/div>\n<\/div>\n<\/div>\n<\/div>\n<\/div>\n\n\n\n<div class=\"wp-container-24 wp-block-group\" style=\"margin-top:4vw\">\n<div class=\"wp-container-23 wp-block-columns\">\n<div class=\"wp-container-20 wp-block-column\">\n<figure class=\"wp-block-image size-full is-style-default\"><a href=\"https:\/\/www.daidenaudio.com\/index.php\/gwenaelle\/\"><img loading=\"lazy\" width=\"1200\" height=\"801\" src=\"https:\/\/www.daidenaudio.com\/wp-content\/uploads\/2023\/07\/AirBrush_20230711123406.jpg\" alt=\"Daiden Audio An Braventez bi-amplifier\" class=\"wp-image-425\"\/><\/a><\/figure>\n\n\n\n<h2><strong>Gwena\u00eblle<\/strong><\/h2>\n\n\n\n<p>B004 &#8211; Le G\u00e9n\u00e9reux   : 7800\u20ac<\/p>\n\n\n\n<p>Bi-amplificateur, 35w \u00e0 8\u03a9+130w \u00e0 4\u03a9.<\/p>\n\n\n\n<p> Deux amplificateurs en un, chacun con\u00e7u pour faire ressortir le meilleur des meilleurs haut-parleurs gr\u00e2ce \u00e0 la technologie de bi-amplification.<\/p>\n\n\n\n<div class=\"wp-container-19 wp-block-buttons\">\n<div class=\"wp-block-button\"><a class=\"wp-block-button__link\" href=\"https:\/\/www.daidenaudio.com\/index.php\/gwenaelle\/\">Suite<\/a><\/div>\n<\/div>\n<\/div>\n\n\n\n<div class=\"wp-container-22 wp-block-column\" style=\"flex-basis:50%\">\n<figure class=\"wp-block-image size-full\"><a href=\"https:\/\/www.daidenaudio.com\/index.php\/ar-sonerezh\/\"><img loading=\"lazy\" width=\"1884\" height=\"1078\" src=\"https:\/\/www.daidenaudio.com\/wp-content\/uploads\/2023\/08\/AirBrush_20230207222215_Vignette-persp_c.jpg\" alt=\"Daiden Audio Ar Sonerezh bi-amplifier\" class=\"wp-image-481\"\/><\/a><\/figure>\n\n\n\n<h2>Ar <strong>Sonerezh<\/strong><\/h2>\n\n\n\n<p>B014 &#8211; La Musique   12600\u20ac<\/p>\n\n\n\n<p>Bi-amplificateur, 72w+150w \u00e0 4\u03a9<\/p>\n\n\n\n<p>Ar Sonerezh est l\u2019aboutissement de toutes nos connaissances sans restriction pour fournir notre meilleur amplificateur.<\/p>\n\n\n\n<div class=\"wp-container-21 wp-block-buttons\">\n<div class=\"wp-block-button\"><a class=\"wp-block-button__link\" href=\"https:\/\/www.daidenaudio.com\/index.php\/ar-sonerezh\/\">Suite<\/a><\/div>\n<\/div>\n\n\n\n<p><\/p>\n<\/div>\n<\/div>\n<\/div>\n\n\n\n<p><\/p>\n","protected":false},"excerpt":{"rendered":"<p>Donnez vie \u00e0 la musique Chaque amplificateur a \u00e9t\u00e9 con\u00e7u pour les meilleurs haut-parleurs. Vous n&rsquo;avez jamais entendu vos haut-parleurs [&hellip;]<\/p>\n","protected":false},"author":1,"featured_media":0,"parent":0,"menu_order":0,"comment_status":"closed","ping_status":"closed","template":"","meta":[],"_links":{"self":[{"href":"https:\/\/www.daidenaudio.com\/index.php\/wp-json\/wp\/v2\/pages\/192"}],"collection":[{"href":"https:\/\/www.daidenaudio.com\/index.php\/wp-json\/wp\/v2\/pages"}],"about":[{"href":"https:\/\/www.daidenaudio.com\/index.php\/wp-json\/wp\/v2\/types\/page"}],"author":[{"embeddable":true,"href":"https:\/\/www.daidenaudio.com\/index.php\/wp-json\/wp\/v2\/users\/1"}],"replies":[{"embeddable":true,"href":"https:\/\/www.daidenaudio.com\/index.php\/wp-json\/wp\/v2\/comments?post=192"}],"version-history":[{"count":76,"href":"https:\/\/www.daidenaudio.com\/index.php\/wp-json\/wp\/v2\/pages\/192\/revisions"}],"predecessor-version":[{"id":739,"href":"https:\/\/www.daidenaudio.com\/index.php\/wp-json\/wp\/v2\/pages\/192\/revisions\/739"}],"wp:attachment":[{"href":"https:\/\/www.daidenaudio.com\/index.php\/wp-json\/wp\/v2\/media?parent=192"}],"curies":[{"name":"wp","href":"https:\/\/api.w.org\/{rel}","templated":true}]}}